{"id":1583,"date":"2026-01-17T16:20:14","date_gmt":"2026-01-17T13:20:14","guid":{"rendered":"https:\/\/www.alpsunenergy.com\/?page_id=1583"},"modified":"2026-04-27T12:30:05","modified_gmt":"2026-04-27T09:30:05","slug":"sebekeye-bagli-on-grid-sistemler","status":"publish","type":"page","link":"https:\/\/www.alpsunenergy.com\/en\/sebekeye-bagli-on-grid-sistemler\/","title":{"rendered":"Grid-Connected (ON-GRID) Systems"},"content":{"rendered":"<div data-elementor-type=\"wp-page\" data-elementor-id=\"1583\" class=\"elementor elementor-1583\" data-elementor-post-type=\"page\">\n\t\t\t\t<div class=\"elementor-element elementor-element-19b8c8c e-flex e-con-boxed e-con e-parent\" data-id=\"19b8c8c\" data-element_type=\"container\" data-settings=\"{&quot;background_background&quot;:&quot;classic&quot;}\">\n\t\t\t\t\t<div class=\"e-con-inner\">\n\t\t<div class=\"elementor-element elementor-element-372848a e-con-full e-flex e-con e-child\" data-id=\"372848a\" data-element_type=\"container\">\n\t\t\t\t<div class=\"elementor-element elementor-element-0ccf104 elementor-widget elementor-widget-heading\" data-id=\"0ccf104\" data-element_type=\"widget\" data-widget_type=\"heading.default\">\n\t\t\t\t<div class=\"elementor-widget-container\">\n\t\t\t\t\t<h1 class=\"elementor-heading-title elementor-size-default\">Grid-Connected (ON-GRID) Systems\n<\/h1>\t\t\t\t<\/div>\n\t\t\t\t<\/div>\n\t\t\t\t<\/div>\n\t\t\t\t\t<\/div>\n\t\t\t\t<\/div>\n\t\t<div class=\"elementor-element elementor-element-8338255 e-flex e-con-boxed e-con e-parent\" data-id=\"8338255\" data-element_type=\"container\" data-settings=\"{&quot;background_background&quot;:&quot;classic&quot;}\">\n\t\t\t\t\t<div class=\"e-con-inner\">\n\t\t<div class=\"elementor-element elementor-element-87eb59b e-con-full e-flex e-con e-child\" data-id=\"87eb59b\" data-element_type=\"container\">\n\t\t\t\t<div class=\"elementor-element elementor-element-925cef2 elementor-widget elementor-widget-heading\" data-id=\"925cef2\" data-element_type=\"widget\" data-widget_type=\"heading.default\">\n\t\t\t\t<div class=\"elementor-widget-container\">\n\t\t\t\t\t<h3 class=\"elementor-heading-title elementor-size-default\">What Do We Do?<\/h3>\t\t\t\t<\/div>\n\t\t\t\t<\/div>\n\t\t\t\t<div class=\"elementor-element elementor-element-74abf08 elementor-widget elementor-widget-text-editor\" data-id=\"74abf08\" data-element_type=\"widget\" data-widget_type=\"text-editor.default\">\n\t\t\t\t<div class=\"elementor-widget-container\">\n\t\t\t\t\t\t\t\t\t<p style=\"text-align: justify;\" data-start=\"122\" data-end=\"565\">Grid-connected (On-Grid) solar energy systems are one of the most efficient ways to reduce energy costs by integrating electricity generation with the existing utility grid infrastructure. Through these systems, generated energy is primarily consumed on-site, while surplus energy is fed back into the grid. Our On-Grid systems, designed for residential, commercial, and industrial facilities, are delivered on a turnkey basis with high-efficiency performance, long-lasting equipment, and fully compliant infrastructure. The entire process\u2014including design, installation, and commissioning\u2014is meticulously managed by our expert team. With our grid-connected solar energy solutions, we help you establish a sustainable, cost-effective, and environmentally friendly energy infrastructure.<\/p><ul style=\"caret-color: #000000; color: #000000; font-style: normal;\"><li style=\"font-style: normal;\" data-start=\"144\" data-end=\"229\"><p data-start=\"146\" data-end=\"229\">Full compliance with regulations and utility company specifications for grid-connected systems<\/p><\/li><li style=\"font-style: normal;\" data-start=\"230\" data-end=\"282\"><p data-start=\"232\" data-end=\"282\">Selection of high-efficiency panels, inverters, and equipment<\/p><\/li><li style=\"font-style: normal;\" data-start=\"283\" data-end=\"343\"><p data-start=\"285\" data-end=\"343\">Project-specific capacity sizing and return-on-investment analysis<\/p><\/li><li style=\"font-style: normal;\" data-start=\"344\" data-end=\"401\"><p data-start=\"346\" data-end=\"401\">Turnkey engineering, installation, and commissioning<\/p><\/li><\/ul>\t\t\t\t\t\t\t\t<\/div>\n\t\t\t\t<\/div>\n\t\t\t\t<\/div>\n\t\t<div class=\"elementor-element elementor-element-120c976 e-con-full e-flex e-con e-child\" data-id=\"120c976\" data-element_type=\"container\" data-settings=\"{&quot;background_background&quot;:&quot;classic&quot;}\">\n\t\t\t\t<div class=\"elementor-element elementor-element-5185302 elementor-widget elementor-widget-image\" data-id=\"5185302\" data-element_type=\"widget\" data-widget_type=\"image.default\">\n\t\t\t\t<div class=\"elementor-widget-container\">\n\t\t\t\t\t\t\t\t\t\t\t\t\t\t\t<img fetchpriority=\"high\" decoding=\"async\" width=\"2560\" height=\"1707\" src=\"https:\/\/www.alpsunenergy.com\/wp-content\/uploads\/2026\/01\/pexels-photo-6876534-6876534-1-scaled.jpg\" class=\"attachment-full size-full wp-image-1479\" alt=\"\" srcset=\"https:\/\/www.alpsunenergy.com\/wp-content\/uploads\/2026\/01\/pexels-photo-6876534-6876534-1-scaled.jpg 2560w, https:\/\/www.alpsunenergy.com\/wp-content\/uploads\/2026\/01\/elementor\/thumbs\/pexels-photo-6876534-6876534-1-scaled-rhxjat5oy84u191r4d0iw6rej1vt5vikzk0c6w6xog.jpg 1536w\" sizes=\"(max-width: 2560px) 100vw, 2560px\" \/>\t\t\t\t\t\t\t\t\t\t\t\t\t\t\t<\/div>\n\t\t\t\t<\/div>\n\t\t\t\t<\/div>\n\t\t\t\t\t<\/div>\n\t\t\t\t<\/div>\n\t\t\t\t<\/div>","protected":false},"excerpt":{"rendered":"<p>\u015eebekeye Ba\u011fl\u0131 (ON-GRID) Sistemler Ne Yap\u0131yoruz? \u015eebekeye ba\u011fl\u0131 (On-Grid) g\u00fcne\u015f enerjisi sistemleri, elektrik \u00fcretimini mevcut \u015febeke altyap\u0131s\u0131 ile entegre ederek enerji maliyetlerini d\u00fc\u015f\u00fcrmenin en verimli yollar\u0131ndan biridir. Bu sistemler sayesinde \u00fcretilen enerji \u00f6ncelikle t\u00fcketilir, ihtiya\u00e7 fazlas\u0131 enerji ise \u015febekeye aktar\u0131l\u0131r. Konut, ticari ve end\u00fcstriyel tesisler i\u00e7in projelendirilen On-Grid sistemlerimiz; y\u00fcksek verimlilik, uzun \u00f6m\u00fcrl\u00fc ekipmanlar ve [&hellip;]<\/p>\n","protected":false},"author":1,"featured_media":0,"parent":0,"menu_order":0,"comment_status":"closed","ping_status":"closed","template":"","meta":{"site-sidebar-layout":"no-sidebar","site-content-layout":"page-builder","ast-site-content-layout":"full-width-container","site-content-style":"unboxed","site-sidebar-style":"unboxed","ast-global-header-display":"","ast-banner-title-visibility":"","ast-main-header-display":"","ast-hfb-above-header-display":"","ast-hfb-below-header-display":"","ast-hfb-mobile-header-display":"","site-post-title":"disabled","ast-breadcrumbs-content":"disabled","ast-featured-img":"disabled","footer-sml-layout":"","ast-disable-related-posts":"","theme-transparent-header-meta":"enabled","adv-header-id-meta":"","stick-header-meta":"","header-above-stick-meta":"","header-main-stick-meta":"","header-below-stick-meta":"","astra-migrate-meta-layouts":"set","ast-page-background-enabled":"default","ast-page-background-meta":{"desktop":{"background-color":"var(--ast-global-color-4)","background-image":"","background-repeat":"repeat","background-position":"center center","background-size":"auto","background-attachment":"scroll","background-type":"","background-media":"","overlay-type":"","overlay-color":"","overlay-opacity":"","overlay-gradient":""},"tablet":{"background-color":"","background-image":"","background-repeat":"repeat","background-position":"center center","background-size":"auto","background-attachment":"scroll","background-type":"","background-media":"","overlay-type":"","overlay-color":"","overlay-opacity":"","overlay-gradient":""},"mobile":{"background-color":"","background-image":"","background-repeat":"repeat","background-position":"center center","background-size":"auto","background-attachment":"scroll","background-type":"","background-media":"","overlay-type":"","overlay-color":"","overlay-opacity":"","overlay-gradient":""}},"ast-content-background-meta":{"desktop":{"background-color":"var(--ast-global-color-5)","background-image":"","background-repeat":"repeat","background-position":"center center","background-size":"auto","background-attachment":"scroll","background-type":"","background-media":"","overlay-type":"","overlay-color":"","overlay-opacity":"","overlay-gradient":""},"tablet":{"background-color":"var(--ast-global-color-5)","background-image":"","background-repeat":"repeat","background-position":"center center","background-size":"auto","background-attachment":"scroll","background-type":"","background-media":"","overlay-type":"","overlay-color":"","overlay-opacity":"","overlay-gradient":""},"mobile":{"background-color":"var(--ast-global-color-5)","background-image":"","background-repeat":"repeat","background-position":"center center","background-size":"auto","background-attachment":"scroll","background-type":"","background-media":"","overlay-type":"","overlay-color":"","overlay-opacity":"","overlay-gradient":""}},"_joinchat":[],"footnotes":""},"class_list":["post-1583","page","type-page","status-publish","hentry"],"_links":{"self":[{"href":"https:\/\/www.alpsunenergy.com\/en\/wp-json\/wp\/v2\/pages\/1583","targetHints":{"allow":["GET"]}}],"collection":[{"href":"https:\/\/www.alpsunenergy.com\/en\/wp-json\/wp\/v2\/pages"}],"about":[{"href":"https:\/\/www.alpsunenergy.com\/en\/wp-json\/wp\/v2\/types\/page"}],"author":[{"embeddable":true,"href":"https:\/\/www.alpsunenergy.com\/en\/wp-json\/wp\/v2\/users\/1"}],"replies":[{"embeddable":true,"href":"https:\/\/www.alpsunenergy.com\/en\/wp-json\/wp\/v2\/comments?post=1583"}],"version-history":[{"count":16,"href":"https:\/\/www.alpsunenergy.com\/en\/wp-json\/wp\/v2\/pages\/1583\/revisions"}],"predecessor-version":[{"id":2090,"href":"https:\/\/www.alpsunenergy.com\/en\/wp-json\/wp\/v2\/pages\/1583\/revisions\/2090"}],"wp:attachment":[{"href":"https:\/\/www.alpsunenergy.com\/en\/wp-json\/wp\/v2\/media?parent=1583"}],"curies":[{"name":"wp","href":"https:\/\/api.w.org\/{rel}","templated":true}]}}