{"id":1533,"date":"2026-01-17T15:37:46","date_gmt":"2026-01-17T12:37:46","guid":{"rendered":"https:\/\/www.alpsunenergy.com\/?page_id=1533"},"modified":"2026-04-27T12:38:14","modified_gmt":"2026-04-27T09:38:14","slug":"gunes-enerjili-sulama-sistemleri","status":"publish","type":"page","link":"https:\/\/www.alpsunenergy.com\/en\/gunes-enerjili-sulama-sistemleri\/","title":{"rendered":"Solar Irrigation Systems"},"content":{"rendered":"<div data-elementor-type=\"wp-page\" data-elementor-id=\"1533\" class=\"elementor elementor-1533\" data-elementor-post-type=\"page\">\n\t\t\t\t<div class=\"elementor-element elementor-element-19b8c8c e-flex e-con-boxed e-con e-parent\" data-id=\"19b8c8c\" data-element_type=\"container\" data-settings=\"{&quot;background_background&quot;:&quot;classic&quot;}\">\n\t\t\t\t\t<div class=\"e-con-inner\">\n\t\t<div class=\"elementor-element elementor-element-372848a e-con-full e-flex e-con e-child\" data-id=\"372848a\" data-element_type=\"container\">\n\t\t\t\t<div class=\"elementor-element elementor-element-0ccf104 elementor-widget elementor-widget-heading\" data-id=\"0ccf104\" data-element_type=\"widget\" data-widget_type=\"heading.default\">\n\t\t\t\t<div class=\"elementor-widget-container\">\n\t\t\t\t\t<h1 class=\"elementor-heading-title elementor-size-default\">Solar Irrigation Systems\n<\/h1>\t\t\t\t<\/div>\n\t\t\t\t<\/div>\n\t\t\t\t<\/div>\n\t\t\t\t\t<\/div>\n\t\t\t\t<\/div>\n\t\t<div class=\"elementor-element elementor-element-8338255 e-flex e-con-boxed e-con e-parent\" data-id=\"8338255\" data-element_type=\"container\" data-settings=\"{&quot;background_background&quot;:&quot;classic&quot;}\">\n\t\t\t\t\t<div class=\"e-con-inner\">\n\t\t<div class=\"elementor-element elementor-element-87eb59b e-con-full e-flex e-con e-child\" data-id=\"87eb59b\" data-element_type=\"container\">\n\t\t\t\t<div class=\"elementor-element elementor-element-925cef2 elementor-widget elementor-widget-heading\" data-id=\"925cef2\" data-element_type=\"widget\" data-widget_type=\"heading.default\">\n\t\t\t\t<div class=\"elementor-widget-container\">\n\t\t\t\t\t<h3 class=\"elementor-heading-title elementor-size-default\">What Do We Do?<\/h3>\t\t\t\t<\/div>\n\t\t\t\t<\/div>\n\t\t\t\t<div class=\"elementor-element elementor-element-74abf08 elementor-widget elementor-widget-text-editor\" data-id=\"74abf08\" data-element_type=\"widget\" data-widget_type=\"text-editor.default\">\n\t\t\t\t<div class=\"elementor-widget-container\">\n\t\t\t\t\t\t\t\t\t<p style=\"text-align: justify;\" data-start=\"190\" data-end=\"496\">Solar-powered irrigation systems provide efficient and sustainable irrigation solutions while reducing energy costs in agricultural operations. With energy generated by solar panels, pumps operate without the need for grid electricity or fuel-powered generators, significantly lowering operating expenses. Our solar irrigation systems, designed for agricultural lands, vineyards, gardens, greenhouses, and rural areas, are custom engineered based on water demand, pump capacity, and site conditions. Design, installation, and commissioning processes are delivered on a turnkey basis, ensuring a long-lasting and reliable irrigation infrastructure. With our solar-powered irrigation solutions, we help you use natural resources more efficiently while making your production more sustainable, eco-friendly, and cost-effective.<\/p><ul><li data-start=\"1097\" data-end=\"1152\"><p data-start=\"1099\" data-end=\"1152\">Pump and system selection tailored to land and water requirements<\/p><\/li><li data-start=\"1153\" data-end=\"1202\"><p data-start=\"1155\" data-end=\"1202\">High efficiency through accurate capacity calculations<\/p><\/li><li data-start=\"1203\" data-end=\"1246\"><p data-start=\"1205\" data-end=\"1246\">Off-grid or hybrid solution options<\/p><\/li><li data-start=\"1247\" data-end=\"1305\"><p data-start=\"1249\" data-end=\"1305\">Durable equipment suitable for agricultural conditions<\/p><\/li><\/ul>\t\t\t\t\t\t\t\t<\/div>\n\t\t\t\t<\/div>\n\t\t\t\t<\/div>\n\t\t<div class=\"elementor-element elementor-element-120c976 e-con-full e-flex e-con e-child\" data-id=\"120c976\" data-element_type=\"container\" data-settings=\"{&quot;background_background&quot;:&quot;classic&quot;}\">\n\t\t\t\t<\/div>\n\t\t\t\t\t<\/div>\n\t\t\t\t<\/div>\n\t\t\t\t<\/div>","protected":false},"excerpt":{"rendered":"<p>G\u00fcne\u015f Enerjili Sulama Sistemleri Ne Yap\u0131yoruz? G\u00fcne\u015f enerjili sulama sistemleri, tar\u0131msal faaliyetlerde enerji maliyetlerini d\u00fc\u015f\u00fcr\u00fcrken verimli ve s\u00fcrd\u00fcr\u00fclebilir sulama \u00e7\u00f6z\u00fcmleri sunar. G\u00fcne\u015f panelleri ile \u00fcretilen enerji sayesinde pompalar \u015febekeye veya yak\u0131tl\u0131 jenerat\u00f6rlere ihtiya\u00e7 duymadan \u00e7al\u0131\u015f\u0131r, b\u00f6ylece i\u015fletme giderleri \u00f6nemli \u00f6l\u00e7\u00fcde azalt\u0131l\u0131r. Tar\u0131m arazileri, ba\u011f ve bah\u00e7eler, seralar ve k\u0131rsal alanlar i\u00e7in projelendirilen g\u00fcne\u015f enerjili sulama [&hellip;]<\/p>\n","protected":false},"author":1,"featured_media":0,"parent":0,"menu_order":0,"comment_status":"closed","ping_status":"closed","template":"","meta":{"site-sidebar-layout":"no-sidebar","site-content-layout":"page-builder","ast-site-content-layout":"full-width-container","site-content-style":"unboxed","site-sidebar-style":"unboxed","ast-global-header-display":"","ast-banner-title-visibility":"","ast-main-header-display":"","ast-hfb-above-header-display":"","ast-hfb-below-header-display":"","ast-hfb-mobile-header-display":"","site-post-title":"disabled","ast-breadcrumbs-content":"disabled","ast-featured-img":"disabled","footer-sml-layout":"","ast-disable-related-posts":"","theme-transparent-header-meta":"enabled","adv-header-id-meta":"","stick-header-meta":"","header-above-stick-meta":"","header-main-stick-meta":"","header-below-stick-meta":"","astra-migrate-meta-layouts":"set","ast-page-background-enabled":"default","ast-page-background-meta":{"desktop":{"background-color":"var(--ast-global-color-4)","background-image":"","background-repeat":"repeat","background-position":"center center","background-size":"auto","background-attachment":"scroll","background-type":"","background-media":"","overlay-type":"","overlay-color":"","overlay-opacity":"","overlay-gradient":""},"tablet":{"background-color":"","background-image":"","background-repeat":"repeat","background-position":"center center","background-size":"auto","background-attachment":"scroll","background-type":"","background-media":"","overlay-type":"","overlay-color":"","overlay-opacity":"","overlay-gradient":""},"mobile":{"background-color":"","background-image":"","background-repeat":"repeat","background-position":"center center","background-size":"auto","background-attachment":"scroll","background-type":"","background-media":"","overlay-type":"","overlay-color":"","overlay-opacity":"","overlay-gradient":""}},"ast-content-background-meta":{"desktop":{"background-color":"var(--ast-global-color-5)","background-image":"","background-repeat":"repeat","background-position":"center center","background-size":"auto","background-attachment":"scroll","background-type":"","background-media":"","overlay-type":"","overlay-color":"","overlay-opacity":"","overlay-gradient":""},"tablet":{"background-color":"var(--ast-global-color-5)","background-image":"","background-repeat":"repeat","background-position":"center center","background-size":"auto","background-attachment":"scroll","background-type":"","background-media":"","overlay-type":"","overlay-color":"","overlay-opacity":"","overlay-gradient":""},"mobile":{"background-color":"var(--ast-global-color-5)","background-image":"","background-repeat":"repeat","background-position":"center center","background-size":"auto","background-attachment":"scroll","background-type":"","background-media":"","overlay-type":"","overlay-color":"","overlay-opacity":"","overlay-gradient":""}},"_joinchat":[],"footnotes":""},"class_list":["post-1533","page","type-page","status-publish","hentry"],"_links":{"self":[{"href":"https:\/\/www.alpsunenergy.com\/en\/wp-json\/wp\/v2\/pages\/1533","targetHints":{"allow":["GET"]}}],"collection":[{"href":"https:\/\/www.alpsunenergy.com\/en\/wp-json\/wp\/v2\/pages"}],"about":[{"href":"https:\/\/www.alpsunenergy.com\/en\/wp-json\/wp\/v2\/types\/page"}],"author":[{"embeddable":true,"href":"https:\/\/www.alpsunenergy.com\/en\/wp-json\/wp\/v2\/users\/1"}],"replies":[{"embeddable":true,"href":"https:\/\/www.alpsunenergy.com\/en\/wp-json\/wp\/v2\/comments?post=1533"}],"version-history":[{"count":28,"href":"https:\/\/www.alpsunenergy.com\/en\/wp-json\/wp\/v2\/pages\/1533\/revisions"}],"predecessor-version":[{"id":2096,"href":"https:\/\/www.alpsunenergy.com\/en\/wp-json\/wp\/v2\/pages\/1533\/revisions\/2096"}],"wp:attachment":[{"href":"https:\/\/www.alpsunenergy.com\/en\/wp-json\/wp\/v2\/media?parent=1533"}],"curies":[{"name":"wp","href":"https:\/\/api.w.org\/{rel}","templated":true}]}}