{"id":1532,"date":"2026-01-17T15:37:12","date_gmt":"2026-01-17T12:37:12","guid":{"rendered":"https:\/\/www.alpsunenergy.com\/?page_id=1532"},"modified":"2026-04-28T12:55:06","modified_gmt":"2026-04-28T09:55:06","slug":"gunes-enerjili-otoparklar","status":"publish","type":"page","link":"https:\/\/www.alpsunenergy.com\/en\/gunes-enerjili-otoparklar\/","title":{"rendered":"Solar Carports"},"content":{"rendered":"<div data-elementor-type=\"wp-page\" data-elementor-id=\"1532\" class=\"elementor elementor-1532\" data-elementor-post-type=\"page\">\n\t\t\t\t<div class=\"elementor-element elementor-element-19b8c8c e-flex e-con-boxed e-con e-parent\" data-id=\"19b8c8c\" data-element_type=\"container\" data-settings=\"{&quot;background_background&quot;:&quot;classic&quot;}\">\n\t\t\t\t\t<div class=\"e-con-inner\">\n\t\t<div class=\"elementor-element elementor-element-372848a e-con-full e-flex e-con e-child\" data-id=\"372848a\" data-element_type=\"container\">\n\t\t\t\t<div class=\"elementor-element elementor-element-0ccf104 elementor-widget elementor-widget-heading\" data-id=\"0ccf104\" data-element_type=\"widget\" data-widget_type=\"heading.default\">\n\t\t\t\t<div class=\"elementor-widget-container\">\n\t\t\t\t\t<h1 class=\"elementor-heading-title elementor-size-default\">Solar Carports\n<\/h1>\t\t\t\t<\/div>\n\t\t\t\t<\/div>\n\t\t\t\t<\/div>\n\t\t\t\t\t<\/div>\n\t\t\t\t<\/div>\n\t\t<div class=\"elementor-element elementor-element-8338255 e-flex e-con-boxed e-con e-parent\" data-id=\"8338255\" data-element_type=\"container\" data-settings=\"{&quot;background_background&quot;:&quot;classic&quot;}\">\n\t\t\t\t\t<div class=\"e-con-inner\">\n\t\t<div class=\"elementor-element elementor-element-87eb59b e-con-full e-flex e-con e-child\" data-id=\"87eb59b\" data-element_type=\"container\">\n\t\t\t\t<div class=\"elementor-element elementor-element-925cef2 elementor-widget elementor-widget-heading\" data-id=\"925cef2\" data-element_type=\"widget\" data-widget_type=\"heading.default\">\n\t\t\t\t<div class=\"elementor-widget-container\">\n\t\t\t\t\t<h3 class=\"elementor-heading-title elementor-size-default\">What Do We Do?<\/h3>\t\t\t\t<\/div>\n\t\t\t\t<\/div>\n\t\t\t\t<div class=\"elementor-element elementor-element-74abf08 elementor-widget elementor-widget-text-editor\" data-id=\"74abf08\" data-element_type=\"widget\" data-widget_type=\"text-editor.default\">\n\t\t\t\t<div class=\"elementor-widget-container\">\n\t\t\t\t\t\t\t\t\t<p style=\"text-align: justify;\" data-start=\"225\" data-end=\"494\">Solar-powered irrigation systems provide efficient and sustainable irrigation solutions while reducing energy costs in agricultural operations. With energy generated by solar panels, pumps operate without the need for grid electricity or fuel-powered generators, significantly lowering operating expenses. Our solar irrigation systems, designed for agricultural lands, vineyards, gardens, greenhouses, and rural areas, are custom engineered based on water demand, pump capacity, and site conditions. Design, installation, and commissioning processes are delivered on a turnkey basis, ensuring a long-lasting and reliable irrigation infrastructure. With our solar-powered irrigation solutions, we help you use natural resources more efficiently while making your production more sustainable, eco-friendly, and cost-effective.<\/p><ul><li data-start=\"165\" data-end=\"225\"><p data-start=\"167\" data-end=\"225\">Static and engineering calculations tailored specifically for parking area structures<\/p><\/li><li data-start=\"226\" data-end=\"287\"><p data-start=\"228\" data-end=\"287\">Aesthetic, durable, and long-lasting structural solutions<\/p><\/li><li data-start=\"288\" data-end=\"344\"><p data-start=\"290\" data-end=\"344\">Panel layout optimized to maximize area efficiency<\/p><\/li><li data-start=\"345\" data-end=\"391\"><p data-start=\"347\" data-end=\"391\">System design compatible with EV charging infrastructure<\/p><\/li><\/ul>\t\t\t\t\t\t\t\t<\/div>\n\t\t\t\t<\/div>\n\t\t\t\t<\/div>\n\t\t<div class=\"elementor-element elementor-element-120c976 e-con-full e-flex e-con e-child\" data-id=\"120c976\" data-element_type=\"container\" data-settings=\"{&quot;background_background&quot;:&quot;classic&quot;}\">\n\t\t\t\t<\/div>\n\t\t\t\t\t<\/div>\n\t\t\t\t<\/div>\n\t\t\t\t<\/div>","protected":false},"excerpt":{"rendered":"<p>G\u00fcne\u015f Enerjili Otoparklar Ne Yap\u0131yoruz? G\u00fcne\u015f enerjili otopark sistemleri, ara\u00e7 park alanlar\u0131n\u0131 enerji \u00fcreten ve katma de\u011fer sa\u011flayan alanlara d\u00f6n\u00fc\u015ft\u00fcren yenilik\u00e7i \u00e7\u00f6z\u00fcmler sunar. Otopark \u00fcst\u00fc g\u00fcne\u015f panelleri sayesinde hem g\u00f6lgelendirme sa\u011flan\u0131r hem de temiz ve s\u00fcrd\u00fcr\u00fclebilir enerji \u00fcretimi ger\u00e7ekle\u015ftirilir. Konutlar, i\u015f merkezleri, sanayi tesisleri, al\u0131\u015fveri\u015f merkezleri ve kamu alanlar\u0131 i\u00e7in tasarlanan g\u00fcne\u015f enerjili otopark sistemlerimiz; [&hellip;]<\/p>\n","protected":false},"author":1,"featured_media":0,"parent":0,"menu_order":0,"comment_status":"closed","ping_status":"closed","template":"","meta":{"site-sidebar-layout":"no-sidebar","site-content-layout":"page-builder","ast-site-content-layout":"full-width-container","site-content-style":"unboxed","site-sidebar-style":"unboxed","ast-global-header-display":"","ast-banner-title-visibility":"","ast-main-header-display":"","ast-hfb-above-header-display":"","ast-hfb-below-header-display":"","ast-hfb-mobile-header-display":"","site-post-title":"disabled","ast-breadcrumbs-content":"disabled","ast-featured-img":"disabled","footer-sml-layout":"","ast-disable-related-posts":"","theme-transparent-header-meta":"enabled","adv-header-id-meta":"","stick-header-meta":"","header-above-stick-meta":"","header-main-stick-meta":"","header-below-stick-meta":"","astra-migrate-meta-layouts":"set","ast-page-background-enabled":"default","ast-page-background-meta":{"desktop":{"background-color":"var(--ast-global-color-4)","background-image":"","background-repeat":"repeat","background-position":"center center","background-size":"auto","background-attachment":"scroll","background-type":"","background-media":"","overlay-type":"","overlay-color":"","overlay-opacity":"","overlay-gradient":""},"tablet":{"background-color":"","background-image":"","background-repeat":"repeat","background-position":"center center","background-size":"auto","background-attachment":"scroll","background-type":"","background-media":"","overlay-type":"","overlay-color":"","overlay-opacity":"","overlay-gradient":""},"mobile":{"background-color":"","background-image":"","background-repeat":"repeat","background-position":"center center","background-size":"auto","background-attachment":"scroll","background-type":"","background-media":"","overlay-type":"","overlay-color":"","overlay-opacity":"","overlay-gradient":""}},"ast-content-background-meta":{"desktop":{"background-color":"var(--ast-global-color-5)","background-image":"","background-repeat":"repeat","background-position":"center center","background-size":"auto","background-attachment":"scroll","background-type":"","background-media":"","overlay-type":"","overlay-color":"","overlay-opacity":"","overlay-gradient":""},"tablet":{"background-color":"var(--ast-global-color-5)","background-image":"","background-repeat":"repeat","background-position":"center center","background-size":"auto","background-attachment":"scroll","background-type":"","background-media":"","overlay-type":"","overlay-color":"","overlay-opacity":"","overlay-gradient":""},"mobile":{"background-color":"var(--ast-global-color-5)","background-image":"","background-repeat":"repeat","background-position":"center center","background-size":"auto","background-attachment":"scroll","background-type":"","background-media":"","overlay-type":"","overlay-color":"","overlay-opacity":"","overlay-gradient":""}},"_joinchat":[],"footnotes":""},"class_list":["post-1532","page","type-page","status-publish","hentry"],"_links":{"self":[{"href":"https:\/\/www.alpsunenergy.com\/en\/wp-json\/wp\/v2\/pages\/1532","targetHints":{"allow":["GET"]}}],"collection":[{"href":"https:\/\/www.alpsunenergy.com\/en\/wp-json\/wp\/v2\/pages"}],"about":[{"href":"https:\/\/www.alpsunenergy.com\/en\/wp-json\/wp\/v2\/types\/page"}],"author":[{"embeddable":true,"href":"https:\/\/www.alpsunenergy.com\/en\/wp-json\/wp\/v2\/users\/1"}],"replies":[{"embeddable":true,"href":"https:\/\/www.alpsunenergy.com\/en\/wp-json\/wp\/v2\/comments?post=1532"}],"version-history":[{"count":25,"href":"https:\/\/www.alpsunenergy.com\/en\/wp-json\/wp\/v2\/pages\/1532\/revisions"}],"predecessor-version":[{"id":2121,"href":"https:\/\/www.alpsunenergy.com\/en\/wp-json\/wp\/v2\/pages\/1532\/revisions\/2121"}],"wp:attachment":[{"href":"https:\/\/www.alpsunenergy.com\/en\/wp-json\/wp\/v2\/media?parent=1532"}],"curies":[{"name":"wp","href":"https:\/\/api.w.org\/{rel}","templated":true}]}}