{"id":1531,"date":"2026-01-17T15:36:42","date_gmt":"2026-01-17T12:36:42","guid":{"rendered":"https:\/\/www.alpsunenergy.com\/?page_id=1531"},"modified":"2026-04-27T12:42:27","modified_gmt":"2026-04-27T09:42:27","slug":"sebekeden-bagimsiz-off-grid-sistemler","status":"publish","type":"page","link":"https:\/\/www.alpsunenergy.com\/en\/sebekeden-bagimsiz-off-grid-sistemler\/","title":{"rendered":"Off-Grid Systems"},"content":{"rendered":"<div data-elementor-type=\"wp-page\" data-elementor-id=\"1531\" class=\"elementor elementor-1531\" data-elementor-post-type=\"page\">\n\t\t\t\t<div class=\"elementor-element elementor-element-19b8c8c e-flex e-con-boxed e-con e-parent\" data-id=\"19b8c8c\" data-element_type=\"container\" data-settings=\"{&quot;background_background&quot;:&quot;classic&quot;}\">\n\t\t\t\t\t<div class=\"e-con-inner\">\n\t\t<div class=\"elementor-element elementor-element-372848a e-con-full e-flex e-con e-child\" data-id=\"372848a\" data-element_type=\"container\">\n\t\t\t\t<div class=\"elementor-element elementor-element-0ccf104 elementor-widget elementor-widget-heading\" data-id=\"0ccf104\" data-element_type=\"widget\" data-widget_type=\"heading.default\">\n\t\t\t\t<div class=\"elementor-widget-container\">\n\t\t\t\t\t<h1 class=\"elementor-heading-title elementor-size-default\">Off-Grid Systems\n<\/h1>\t\t\t\t<\/div>\n\t\t\t\t<\/div>\n\t\t\t\t<\/div>\n\t\t\t\t\t<\/div>\n\t\t\t\t<\/div>\n\t\t<div class=\"elementor-element elementor-element-8338255 e-flex e-con-boxed e-con e-parent\" data-id=\"8338255\" data-element_type=\"container\" data-settings=\"{&quot;background_background&quot;:&quot;classic&quot;}\">\n\t\t\t\t\t<div class=\"e-con-inner\">\n\t\t<div class=\"elementor-element elementor-element-87eb59b e-con-full e-flex e-con e-child\" data-id=\"87eb59b\" data-element_type=\"container\">\n\t\t\t\t<div class=\"elementor-element elementor-element-925cef2 elementor-widget elementor-widget-heading\" data-id=\"925cef2\" data-element_type=\"widget\" data-widget_type=\"heading.default\">\n\t\t\t\t<div class=\"elementor-widget-container\">\n\t\t\t\t\t<h3 class=\"elementor-heading-title elementor-size-default\">What Do We Do?<\/h3>\t\t\t\t<\/div>\n\t\t\t\t<\/div>\n\t\t\t\t<div class=\"elementor-element elementor-element-74abf08 elementor-widget elementor-widget-text-editor\" data-id=\"74abf08\" data-element_type=\"widget\" data-widget_type=\"text-editor.default\">\n\t\t\t\t<div class=\"elementor-widget-container\">\n\t\t\t\t\t\t\t\t\t<p style=\"text-align: justify;\" data-start=\"122\" data-end=\"565\">Off-grid solar energy systems provide ideal and sustainable solutions for locations where electrical infrastructure is unavailable or uninterrupted power is critically important. These systems store energy generated through solar panels using battery banks and inverters, ensuring reliable access to electricity whenever needed. As a result, a fully independent, uninterrupted, and environmentally friendly energy infrastructure is established. Our Off-Grid systems are specially designed for residences, agricultural lands, vineyards and gardens, construction sites, and remote or hard-to-access locations, taking into account energy consumption habits and specific usage requirements. From design to installation and commissioning, all processes are carried out on a turnkey basis to deliver a long-lasting, reliable, and efficient energy solution.<\/p><ul><li data-start=\"778\" data-end=\"851\"><p data-start=\"780\" data-end=\"851\">Accurate capacity and battery sizing for off-grid applications<\/p><\/li><li data-start=\"852\" data-end=\"911\"><p data-start=\"854\" data-end=\"911\">Reliable energy storage solutions for uninterrupted power supply<\/p><\/li><li data-start=\"912\" data-end=\"963\"><p data-start=\"914\" data-end=\"963\">System design tailored to consumption habits<\/p><\/li><li data-start=\"964\" data-end=\"1015\"><p data-start=\"966\" data-end=\"1015\">Durable equipment selection for harsh field conditions<\/p><\/li><\/ul>\t\t\t\t\t\t\t\t<\/div>\n\t\t\t\t<\/div>\n\t\t\t\t<\/div>\n\t\t<div class=\"elementor-element elementor-element-120c976 e-con-full e-flex e-con e-child\" data-id=\"120c976\" data-element_type=\"container\" data-settings=\"{&quot;background_background&quot;:&quot;classic&quot;}\">\n\t\t\t\t<div class=\"elementor-element elementor-element-5185302 elementor-widget elementor-widget-image\" data-id=\"5185302\" data-element_type=\"widget\" data-widget_type=\"image.default\">\n\t\t\t\t<div class=\"elementor-widget-container\">\n\t\t\t\t\t\t\t\t\t\t\t\t\t\t\t<img fetchpriority=\"high\" decoding=\"async\" width=\"2048\" height=\"2048\" src=\"https:\/\/www.alpsunenergy.com\/wp-content\/uploads\/2026\/01\/oodfffff-1.png\" class=\"attachment-full size-full wp-image-1663\" alt=\"\" srcset=\"https:\/\/www.alpsunenergy.com\/wp-content\/uploads\/2026\/01\/oodfffff-1.png 2048w, https:\/\/www.alpsunenergy.com\/wp-content\/uploads\/2026\/01\/oodfffff-1-300x300.png 300w, https:\/\/www.alpsunenergy.com\/wp-content\/uploads\/2026\/01\/oodfffff-1-1024x1024.png 1024w, https:\/\/www.alpsunenergy.com\/wp-content\/uploads\/2026\/01\/oodfffff-1-150x150.png 150w, https:\/\/www.alpsunenergy.com\/wp-content\/uploads\/2026\/01\/oodfffff-1-768x768.png 768w, https:\/\/www.alpsunenergy.com\/wp-content\/uploads\/2026\/01\/oodfffff-1-1536x1536.png 1536w\" sizes=\"(max-width: 2048px) 100vw, 2048px\" \/>\t\t\t\t\t\t\t\t\t\t\t\t\t\t\t<\/div>\n\t\t\t\t<\/div>\n\t\t\t\t<\/div>\n\t\t\t\t\t<\/div>\n\t\t\t\t<\/div>\n\t\t\t\t<\/div>","protected":false},"excerpt":{"rendered":"<p>\u015eebekeden Ba\u011f\u0131ms\u0131z (OFF-GRID) Sistemler Ne Yap\u0131yoruz? \u015eebekeden ba\u011f\u0131ms\u0131z (Off-Grid) g\u00fcne\u015f enerjisi sistemleri, elektrik altyap\u0131s\u0131n\u0131n bulunmad\u0131\u011f\u0131 veya enerji s\u00fcreklili\u011finin hayati \u00f6nem ta\u015f\u0131d\u0131\u011f\u0131 alanlar i\u00e7in ideal ve s\u00fcrd\u00fcr\u00fclebilir \u00e7\u00f6z\u00fcmler sunar. Bu sistemler; g\u00fcne\u015f panelleri, batarya gruplar\u0131 ve inverterler arac\u0131l\u0131\u011f\u0131yla \u00fcretilen enerjinin depolanmas\u0131n\u0131 ve ihtiya\u00e7 duyulan her an g\u00fcvenle kullan\u0131lmas\u0131n\u0131 sa\u011flar. B\u00f6ylece tamamen ba\u011f\u0131ms\u0131z, kesintisiz ve \u00e7evre dostu [&hellip;]<\/p>\n","protected":false},"author":1,"featured_media":0,"parent":0,"menu_order":0,"comment_status":"closed","ping_status":"closed","template":"","meta":{"site-sidebar-layout":"no-sidebar","site-content-layout":"page-builder","ast-site-content-layout":"full-width-container","site-content-style":"unboxed","site-sidebar-style":"unboxed","ast-global-header-display":"","ast-banner-title-visibility":"","ast-main-header-display":"","ast-hfb-above-header-display":"","ast-hfb-below-header-display":"","ast-hfb-mobile-header-display":"","site-post-title":"disabled","ast-breadcrumbs-content":"disabled","ast-featured-img":"disabled","footer-sml-layout":"","ast-disable-related-posts":"","theme-transparent-header-meta":"enabled","adv-header-id-meta":"","stick-header-meta":"","header-above-stick-meta":"","header-main-stick-meta":"","header-below-stick-meta":"","astra-migrate-meta-layouts":"set","ast-page-background-enabled":"default","ast-page-background-meta":{"desktop":{"background-color":"var(--ast-global-color-4)","background-image":"","background-repeat":"repeat","background-position":"center center","background-size":"auto","background-attachment":"scroll","background-type":"","background-media":"","overlay-type":"","overlay-color":"","overlay-opacity":"","overlay-gradient":""},"tablet":{"background-color":"","background-image":"","background-repeat":"repeat","background-position":"center center","background-size":"auto","background-attachment":"scroll","background-type":"","background-media":"","overlay-type":"","overlay-color":"","overlay-opacity":"","overlay-gradient":""},"mobile":{"background-color":"","background-image":"","background-repeat":"repeat","background-position":"center center","background-size":"auto","background-attachment":"scroll","background-type":"","background-media":"","overlay-type":"","overlay-color":"","overlay-opacity":"","overlay-gradient":""}},"ast-content-background-meta":{"desktop":{"background-color":"var(--ast-global-color-5)","background-image":"","background-repeat":"repeat","background-position":"center center","background-size":"auto","background-attachment":"scroll","background-type":"","background-media":"","overlay-type":"","overlay-color":"","overlay-opacity":"","overlay-gradient":""},"tablet":{"background-color":"var(--ast-global-color-5)","background-image":"","background-repeat":"repeat","background-position":"center center","background-size":"auto","background-attachment":"scroll","background-type":"","background-media":"","overlay-type":"","overlay-color":"","overlay-opacity":"","overlay-gradient":""},"mobile":{"background-color":"var(--ast-global-color-5)","background-image":"","background-repeat":"repeat","background-position":"center center","background-size":"auto","background-attachment":"scroll","background-type":"","background-media":"","overlay-type":"","overlay-color":"","overlay-opacity":"","overlay-gradient":""}},"_joinchat":[],"footnotes":""},"class_list":["post-1531","page","type-page","status-publish","hentry"],"_links":{"self":[{"href":"https:\/\/www.alpsunenergy.com\/en\/wp-json\/wp\/v2\/pages\/1531","targetHints":{"allow":["GET"]}}],"collection":[{"href":"https:\/\/www.alpsunenergy.com\/en\/wp-json\/wp\/v2\/pages"}],"about":[{"href":"https:\/\/www.alpsunenergy.com\/en\/wp-json\/wp\/v2\/types\/page"}],"author":[{"embeddable":true,"href":"https:\/\/www.alpsunenergy.com\/en\/wp-json\/wp\/v2\/users\/1"}],"replies":[{"embeddable":true,"href":"https:\/\/www.alpsunenergy.com\/en\/wp-json\/wp\/v2\/comments?post=1531"}],"version-history":[{"count":19,"href":"https:\/\/www.alpsunenergy.com\/en\/wp-json\/wp\/v2\/pages\/1531\/revisions"}],"predecessor-version":[{"id":2100,"href":"https:\/\/www.alpsunenergy.com\/en\/wp-json\/wp\/v2\/pages\/1531\/revisions\/2100"}],"wp:attachment":[{"href":"https:\/\/www.alpsunenergy.com\/en\/wp-json\/wp\/v2\/media?parent=1531"}],"curies":[{"name":"wp","href":"https:\/\/api.w.org\/{rel}","templated":true}]}}