{"id":1520,"date":"2026-01-17T15:20:59","date_gmt":"2026-01-17T12:20:59","guid":{"rendered":"https:\/\/www.alpsunenergy.com\/?page_id=1520"},"modified":"2026-02-25T15:29:42","modified_gmt":"2026-02-25T12:29:42","slug":"evrak-sureci-ve-takip-danismanligi","status":"publish","type":"page","link":"https:\/\/www.alpsunenergy.com\/en\/evrak-sureci-ve-takip-danismanligi\/","title":{"rendered":"Documentation Process and Follow-up Consulting"},"content":{"rendered":"<div data-elementor-type=\"wp-page\" data-elementor-id=\"1520\" class=\"elementor elementor-1520\" data-elementor-post-type=\"page\">\n\t\t\t\t<div class=\"elementor-element elementor-element-19b8c8c e-flex e-con-boxed e-con e-parent\" data-id=\"19b8c8c\" data-element_type=\"container\" data-settings=\"{&quot;background_background&quot;:&quot;classic&quot;}\">\n\t\t\t\t\t<div class=\"e-con-inner\">\n\t\t<div class=\"elementor-element elementor-element-372848a e-con-full e-flex e-con e-child\" data-id=\"372848a\" data-element_type=\"container\">\n\t\t\t\t<div class=\"elementor-element elementor-element-0ccf104 elementor-widget elementor-widget-heading\" data-id=\"0ccf104\" data-element_type=\"widget\" data-widget_type=\"heading.default\">\n\t\t\t\t<div class=\"elementor-widget-container\">\n\t\t\t\t\t<h1 class=\"elementor-heading-title elementor-size-default\">Documentation Process and Follow-up Consulting<\/h1>\t\t\t\t<\/div>\n\t\t\t\t<\/div>\n\t\t\t\t<\/div>\n\t\t\t\t\t<\/div>\n\t\t\t\t<\/div>\n\t\t<div class=\"elementor-element elementor-element-8338255 e-flex e-con-boxed e-con e-parent\" data-id=\"8338255\" data-element_type=\"container\" data-settings=\"{&quot;background_background&quot;:&quot;classic&quot;}\">\n\t\t\t\t\t<div class=\"e-con-inner\">\n\t\t<div class=\"elementor-element elementor-element-87eb59b e-con-full e-flex e-con e-child\" data-id=\"87eb59b\" data-element_type=\"container\">\n\t\t\t\t<div class=\"elementor-element elementor-element-925cef2 elementor-widget elementor-widget-heading\" data-id=\"925cef2\" data-element_type=\"widget\" data-widget_type=\"heading.default\">\n\t\t\t\t<div class=\"elementor-widget-container\">\n\t\t\t\t\t<h3 class=\"elementor-heading-title elementor-size-default\">What Do We Do?<\/h3>\t\t\t\t<\/div>\n\t\t\t\t<\/div>\n\t\t\t\t<div class=\"elementor-element elementor-element-74abf08 elementor-widget elementor-widget-text-editor\" data-id=\"74abf08\" data-element_type=\"widget\" data-widget_type=\"text-editor.default\">\n\t\t\t\t<div class=\"elementor-widget-container\">\n\t\t\t\t\t\t\t\t\t<p style=\"text-align: justify;\" data-start=\"368\" data-end=\"658\">Official documentation, application, and approval processes encountered in energy and engineering projects require time, attention, and regulatory expertise. Through our Documentation Process and Follow-up Consulting service, we manage all these processes on your behalf in a complete and reliable manner. From project initiation to completion, required institutional applications, permits, and official correspondence are meticulously handled by our expert team. At every stage of the process, compliance, transparency, and timely progress are our priorities. This allows you to focus on your business while ensuring that official procedures are completed smoothly and efficiently.<\/p><ul data-start=\"1060\" data-end=\"1192\"><li data-start=\"1060\" data-end=\"1087\"><p data-start=\"1062\" data-end=\"1087\">Experienced and Expert Team<\/p><\/li><li data-start=\"1088\" data-end=\"1114\"><p data-start=\"1090\" data-end=\"1114\">Up-to-Date Regulatory Knowledge<\/p><\/li><li data-start=\"1115\" data-end=\"1157\"><p data-start=\"1117\" data-end=\"1157\">Systematic Workflow That Prevents Time Loss<\/p><\/li><li data-start=\"1158\" data-end=\"1192\"><p data-start=\"1160\" data-end=\"1192\">End-to-End Single Point of Contact<\/p><\/li><\/ul><p>\u00a0<\/p>\t\t\t\t\t\t\t\t<\/div>\n\t\t\t\t<\/div>\n\t\t\t\t<\/div>\n\t\t<div class=\"elementor-element elementor-element-120c976 e-con-full e-flex e-con e-child\" data-id=\"120c976\" data-element_type=\"container\" data-settings=\"{&quot;background_background&quot;:&quot;classic&quot;}\">\n\t\t\t\t<\/div>\n\t\t\t\t\t<\/div>\n\t\t\t\t<\/div>\n\t\t\t\t<\/div>","protected":false},"excerpt":{"rendered":"<p>Evrak S\u00fcreci ve Takip Dan\u0131\u015fmanl\u0131\u011f\u0131 Ne Yap\u0131yoruz? Enerji ve m\u00fchendislik projelerinde kar\u015f\u0131la\u015f\u0131lan resmi evrak, ba\u015fvuru ve onay s\u00fcre\u00e7leri; zaman, dikkat ve mevzuat bilgisi gerektirir. Evrak S\u00fcreci ve Takip Dan\u0131\u015fmanl\u0131\u011f\u0131 hizmetimiz ile t\u00fcm bu s\u00fcre\u00e7leri sizin ad\u0131n\u0131za eksiksiz ve g\u00fcvenli \u015fekilde y\u00f6netiyoruz. Proje ba\u015flang\u0131c\u0131ndan tamamlanmas\u0131na kadar olan a\u015famada gerekli kurum ba\u015fvurular\u0131, izinler ve resmi yaz\u0131\u015fmalar uzman [&hellip;]<\/p>\n","protected":false},"author":1,"featured_media":0,"parent":0,"menu_order":0,"comment_status":"closed","ping_status":"closed","template":"","meta":{"site-sidebar-layout":"no-sidebar","site-content-layout":"page-builder","ast-site-content-layout":"full-width-container","site-content-style":"unboxed","site-sidebar-style":"unboxed","ast-global-header-display":"","ast-banner-title-visibility":"","ast-main-header-display":"","ast-hfb-above-header-display":"","ast-hfb-below-header-display":"","ast-hfb-mobile-header-display":"","site-post-title":"disabled","ast-breadcrumbs-content":"disabled","ast-featured-img":"disabled","footer-sml-layout":"","ast-disable-related-posts":"","theme-transparent-header-meta":"enabled","adv-header-id-meta":"","stick-header-meta":"","header-above-stick-meta":"","header-main-stick-meta":"","header-below-stick-meta":"","astra-migrate-meta-layouts":"set","ast-page-background-enabled":"default","ast-page-background-meta":{"desktop":{"background-color":"var(--ast-global-color-4)","background-image":"","background-repeat":"repeat","background-position":"center center","background-size":"auto","background-attachment":"scroll","background-type":"","background-media":"","overlay-type":"","overlay-color":"","overlay-opacity":"","overlay-gradient":""},"tablet":{"background-color":"","background-image":"","background-repeat":"repeat","background-position":"center center","background-size":"auto","background-attachment":"scroll","background-type":"","background-media":"","overlay-type":"","overlay-color":"","overlay-opacity":"","overlay-gradient":""},"mobile":{"background-color":"","background-image":"","background-repeat":"repeat","background-position":"center center","background-size":"auto","background-attachment":"scroll","background-type":"","background-media":"","overlay-type":"","overlay-color":"","overlay-opacity":"","overlay-gradient":""}},"ast-content-background-meta":{"desktop":{"background-color":"var(--ast-global-color-5)","background-image":"","background-repeat":"repeat","background-position":"center center","background-size":"auto","background-attachment":"scroll","background-type":"","background-media":"","overlay-type":"","overlay-color":"","overlay-opacity":"","overlay-gradient":""},"tablet":{"background-color":"var(--ast-global-color-5)","background-image":"","background-repeat":"repeat","background-position":"center center","background-size":"auto","background-attachment":"scroll","background-type":"","background-media":"","overlay-type":"","overlay-color":"","overlay-opacity":"","overlay-gradient":""},"mobile":{"background-color":"var(--ast-global-color-5)","background-image":"","background-repeat":"repeat","background-position":"center center","background-size":"auto","background-attachment":"scroll","background-type":"","background-media":"","overlay-type":"","overlay-color":"","overlay-opacity":"","overlay-gradient":""}},"_joinchat":[],"footnotes":""},"class_list":["post-1520","page","type-page","status-publish","hentry"],"_links":{"self":[{"href":"https:\/\/www.alpsunenergy.com\/en\/wp-json\/wp\/v2\/pages\/1520","targetHints":{"allow":["GET"]}}],"collection":[{"href":"https:\/\/www.alpsunenergy.com\/en\/wp-json\/wp\/v2\/pages"}],"about":[{"href":"https:\/\/www.alpsunenergy.com\/en\/wp-json\/wp\/v2\/types\/page"}],"author":[{"embeddable":true,"href":"https:\/\/www.alpsunenergy.com\/en\/wp-json\/wp\/v2\/users\/1"}],"replies":[{"embeddable":true,"href":"https:\/\/www.alpsunenergy.com\/en\/wp-json\/wp\/v2\/comments?post=1520"}],"version-history":[{"count":35,"href":"https:\/\/www.alpsunenergy.com\/en\/wp-json\/wp\/v2\/pages\/1520\/revisions"}],"predecessor-version":[{"id":1897,"href":"https:\/\/www.alpsunenergy.com\/en\/wp-json\/wp\/v2\/pages\/1520\/revisions\/1897"}],"wp:attachment":[{"href":"https:\/\/www.alpsunenergy.com\/en\/wp-json\/wp\/v2\/media?parent=1520"}],"curies":[{"name":"wp","href":"https:\/\/api.w.org\/{rel}","templated":true}]}}